{"id":430,"date":"2024-01-15T08:47:02","date_gmt":"2024-01-15T08:47:02","guid":{"rendered":"https:\/\/www.cai.at\/?page_id=430"},"modified":"2025-02-18T15:33:26","modified_gmt":"2025-02-18T15:33:26","slug":"vernetzung-dachbereich","status":"publish","type":"page","link":"https:\/\/www.cai.at\/en\/vernetzung-dachbereich\/","title":{"rendered":"Networking roof area"},"content":{"rendered":"<p><strong>Networking solar collectors in the roof area<\/strong><\/p>\n\n\n\n<p>montiert auf einer Tragkonstruktion unter der die Tauben in hoher Anzahl genistet haben und den Dachbereich und Entw\u00e4sserungskan\u00e4le bedenklich verschmutzt haben. Zwischen de Tragkonstruktionen der Klimatechnik und Einhausungen, wurden zus\u00e4tzliche Lochbleche und Niro Drahtgitter montiert.<\/p>\n\n\n\n<p><\/p>","protected":false},"excerpt":{"rendered":"<p>Vernetzung Solarkollektoren im Dachbereich montiert auf einer Tragkonstruktion unter der die Tauben in hoher Anzahl genistet haben und den Dachbereich und Entw\u00e4sserungskan\u00e4le bedenklich verschmutzt haben. Zwischen de Tragkonstruktionen der Klimatechnik und Einhausungen, wurden zus\u00e4tzliche Lochbleche und Niro Drahtgitter montiert.<\/p>","protected":false},"author":1,"featured_media":224,"parent":0,"menu_order":0,"comment_status":"closed","ping_status":"closed","template":"templates\/portfolio_single.php","meta":{"_acf_changed":false,"footnotes":""},"service_category":[],"portfolio_category":[29],"class_list":["post-430","page","type-page","status-publish","has-post-thumbnail","hentry","portfolio_category-home_portfolio","entry","has-media","owp-thumbs-layout-horizontal","owp-btn-normal","owp-tabs-layout-horizontal","has-no-thumbnails","has-product-nav"],"acf":[],"_links":{"self":[{"href":"https:\/\/www.cai.at\/en\/wp-json\/wp\/v2\/pages\/430","targetHints":{"allow":["GET"]}}],"collection":[{"href":"https:\/\/www.cai.at\/en\/wp-json\/wp\/v2\/pages"}],"about":[{"href":"https:\/\/www.cai.at\/en\/wp-json\/wp\/v2\/types\/page"}],"author":[{"embeddable":true,"href":"https:\/\/www.cai.at\/en\/wp-json\/wp\/v2\/users\/1"}],"replies":[{"embeddable":true,"href":"https:\/\/www.cai.at\/en\/wp-json\/wp\/v2\/comments?post=430"}],"version-history":[{"count":11,"href":"https:\/\/www.cai.at\/en\/wp-json\/wp\/v2\/pages\/430\/revisions"}],"predecessor-version":[{"id":618,"href":"https:\/\/www.cai.at\/en\/wp-json\/wp\/v2\/pages\/430\/revisions\/618"}],"wp:featuredmedia":[{"embeddable":true,"href":"https:\/\/www.cai.at\/en\/wp-json\/wp\/v2\/media\/224"}],"wp:attachment":[{"href":"https:\/\/www.cai.at\/en\/wp-json\/wp\/v2\/media?parent=430"}],"wp:term":[{"taxonomy":"service_category","embeddable":true,"href":"https:\/\/www.cai.at\/en\/wp-json\/wp\/v2\/service_category?post=430"},{"taxonomy":"portfolio_category","embeddable":true,"href":"https:\/\/www.cai.at\/en\/wp-json\/wp\/v2\/portfolio_category?post=430"}],"curies":[{"name":"wp","href":"https:\/\/api.w.org\/{rel}","templated":true}]}}