{"id":316,"date":"2024-01-07T11:16:07","date_gmt":"2024-01-07T11:16:07","guid":{"rendered":"https:\/\/www.cai.at\/?post_type=product&#038;p=316"},"modified":"2025-02-18T19:21:58","modified_gmt":"2025-02-18T19:21:58","slug":"taubenabweiser-3-reihig","status":"publish","type":"product","link":"https:\/\/www.cai.at\/en\/product\/taubenabweiser-3-reihig\/","title":{"rendered":"Taubenabweiser 3-reihig"},"content":{"rendered":"<p><strong>Elastische Chromstahl-Metalldr\u00e4hte auf UV-best\u00e4ndiger Polycarbonatleiste. Modull\u00e4nge 330 mm, k\u00fcrzbar, Abdeckung bis ca. 160 mm Gesimsetiefe.<\/strong><\/p>\n<p>Karton (Versandeinheit) = 150 Stk gesamt 50 Lfm<\/p>\n<p>&#8211; eine effektive Ma\u00dfnahme zum Bek\u00e4mpfen der Taubenplage<\/p>\n<p>&#8211; mit den Taubenabweisern sind kosten-und zeitintensive Reinigungen nicht mehr n\u00f6tig<\/p>\n<p>&#8211; flexible Taubenabwehrysteme f\u00fcr unterschiedliche Bedingungen<\/p>\n<p>&#8211; fast unsichtbar und einfache Handhabung<\/p>\n<p>&#8211; ein System, welches den Tieren nicht schadet, aber sie trotzdem vor dem Anfliegen und Einnisten hindert.<\/p>\n<p>Modull\u00e4nge 330 mm x 15mm, k\u00fcrzbar, bis ca.\u00a0 160 mm Gesimsetiefe.<\/p>\n<p>Die Dr\u00e4hte(elastische Chromstahl-Metalldr\u00e4hte, WkSt. 1.4301 mit 1,2 mm) der Taubenabweiser sind 110 mm hoch und sind in einem Abstand von 20 mm in eine 15 mm breite, UV- best\u00e4ndige Polycarbonatleiste eingegossen (wir verarbeiten mehr Dr\u00e4hte auf der Fl\u00e4che als bei vergleichbaren anderen Produkten). Der Abstand der Dr\u00e4hte ist Variantenabh\u00e4ngig und betr\u00e4gt orthogonal zur Leiste 60 bzw. 105 mm.<\/p>\n<p>Um das Anfliegen, Absitzen und der damit verbundenen Verunreinigung durch Kot von Tauben, k\u00f6nnen die Taubenabweiser je nach Bedarf auch nebeneinander in mehreren Bahnen montiert werden (Fl\u00e4chendeckend).<\/p>\n<p>Auf die Montagehinweise ist zu achten (siehe Verarbeitungshinweise)<\/p>\n<p>Breite der zu sch\u00fctzenden Fl\u00e4che:\u00a0 bis ca. 160 mm<\/p>\n<p>L\u00e4nge der zu sch\u00fctzenden Fl\u00e4che: gesamter Bereich der l\u00e4nge nach in Laufmetern<\/p>","protected":false},"excerpt":{"rendered":"<p><strong>Aus 3<\/strong><strong> Reihen auf 4 Reihen <\/strong><strong>m\u00fchelos erweiterbar\u00a0<\/strong><strong>mit zus\u00e4tzlichen Einsteckdr\u00e4hten<\/strong><\/p>\n<p><strong>Elastische Chromstahl-Metalldr\u00e4hte auf UV-best\u00e4ndiger Polycarbonatleiste. Modull\u00e4nge 330 mm, k\u00fcrzbar, Abdeckung bis ca. 160 mm Gesimstiefe.<\/strong><\/p>\n<p>Taubenabweiser halten Tauben von Balustraden, Gesimsen, Dachrinnen, Metalltr\u00e4gern, Leuchtenk\u00e4sten, Klima-und Bel\u00fcftungsanlagen und \u00c4hnlichem fern. Die Taubenabweiser werden auf diese Objekte fl\u00e4chendeckend verklebt, geschraubt oder genagelt. Die Taubenabweiser k\u00f6nnen auf Materialien wie Stein, Metall und Holz angebracht werden<\/p>","protected":false},"featured_media":317,"comment_status":"open","ping_status":"closed","template":"","meta":{"_acf_changed":false},"product_brand":[],"product_cat":[18],"product_tag":[],"class_list":{"0":"post-316","1":"product","2":"type-product","3":"status-publish","4":"has-post-thumbnail","6":"product_cat-taubenabweiser","8":"entry","9":"has-media","11":"first","12":"instock","13":"taxable","14":"shipping-taxable","15":"purchasable","16":"product-type-simple","17":"has-product-nav","18":"col","19":"span_1_of_4","20":"owp-content-center","21":"owp-thumbs-layout-horizontal","22":"owp-btn-normal","23":"owp-tabs-layout-horizontal"},"acf":[],"tiered_pricing_type":"fixed","tiered_pricing_fixed_rules":{"15":4.7,"75":3.9,"150":3.2},"tiered_pricing_product_settings":{"layout":"default","base_unit_name":{"singular":null,"plural":null},"default_variation":null},"tiered_pricing_minimum_quantity":null,"tiered_pricing_roles_data":[],"tiered_pricing_percentage_rules":[],"_links":{"self":[{"href":"https:\/\/www.cai.at\/en\/wp-json\/wp\/v2\/product\/316","targetHints":{"allow":["GET"]}}],"collection":[{"href":"https:\/\/www.cai.at\/en\/wp-json\/wp\/v2\/product"}],"about":[{"href":"https:\/\/www.cai.at\/en\/wp-json\/wp\/v2\/types\/product"}],"replies":[{"embeddable":true,"href":"https:\/\/www.cai.at\/en\/wp-json\/wp\/v2\/comments?post=316"}],"wp:featuredmedia":[{"embeddable":true,"href":"https:\/\/www.cai.at\/en\/wp-json\/wp\/v2\/media\/317"}],"wp:attachment":[{"href":"https:\/\/www.cai.at\/en\/wp-json\/wp\/v2\/media?parent=316"}],"wp:term":[{"taxonomy":"product_brand","embeddable":true,"href":"https:\/\/www.cai.at\/en\/wp-json\/wp\/v2\/product_brand?post=316"},{"taxonomy":"product_cat","embeddable":true,"href":"https:\/\/www.cai.at\/en\/wp-json\/wp\/v2\/product_cat?post=316"},{"taxonomy":"product_tag","embeddable":true,"href":"https:\/\/www.cai.at\/en\/wp-json\/wp\/v2\/product_tag?post=316"}],"curies":[{"name":"wp","href":"https:\/\/api.w.org\/{rel}","templated":true}]}}